{"id":24,"date":"2018-03-02T01:38:46","date_gmt":"2018-03-01T22:38:46","guid":{"rendered":"http:\/\/www.harunelektronik.com\/?page_id=24"},"modified":"2022-06-11T09:07:36","modified_gmt":"2022-06-11T09:07:36","slug":"iletisim","status":"publish","type":"page","link":"http:\/\/www.haruntelekom.com\/?page_id=24","title":{"rendered":"\u0130leti\u015fim"},"content":{"rendered":"<p><iframe loading=\"lazy\" style=\"border: 0;\" src=\"https:\/\/www.google.com\/maps\/embed?pb=!1m14!1m8!1m3!1d11973.356400432156!2d33.779711999999996!3d41.3884416!3m2!1i1024!2i768!4f13.1!3m3!1m2!1s0x4084fa092c8e11f1%3A0x821479fb3d664db4!2sHarun+Telekominikasyon!5e0!3m2!1str!2str!4v1519958049666\" width=\"600\" height=\"450\" frameborder=\"0\" allowfullscreen=\"allowfullscreen\"><span data-mce-type=\"bookmark\" style=\"display: inline-block; width: 0px; overflow: hidden; line-height: 0;\" class=\"mce_SELRES_start\">\ufeff<\/span><\/iframe><\/p>\n<p><span style=\"color: #e6471c;\"><a style=\"color: #e6471c;\" href=\"http:\/\/www.harunelektronik.com\/wp-content\/uploads\/2018\/03\/sol1.jpg\"><img decoding=\"async\" loading=\"lazy\" class=\"size-full wp-image-26 alignleft\" src=\"http:\/\/www.harunelektronik.com\/wp-content\/uploads\/2018\/03\/sol1.jpg\" alt=\"\" width=\"241\" height=\"215\" \/><\/a><\/span><\/p>\n<p><span style=\"color: #ffffff;\">HARUN<br \/>\nTelekom\u00fcnikasyon ve M\u00fchendislik Hizmetleri Ltd.\u015eti.<\/span><\/p>\n<p><span style=\"color: #ffffff;\">\u0130n\u00f6n\u00fc Mahallesi Af\u015finbey Sokak No:8\/B KASTAMONU<\/span><br \/>\n<span style=\"color: #ffffff;\"> Tel : +90 366 212 3366<\/span><br \/>\n<span style=\"color: #ffffff;\"> Faks : +90 366 212 4488<\/span><br \/>\n<span style=\"color: #ffffff;\"> GSM : +90 549 212 3366<\/span><br \/>\n<span style=\"color: #ffffff;\"> E-mail : harun@haruntelekom.com<\/span><br \/>\n<span style=\"color: #ffffff;\"> web : www.haruntelekom.com<\/span><\/p>\n","protected":false},"excerpt":{"rendered":"<p>\ufeff HARUN Telekom\u00fcnikasyon ve M\u00fchendislik Hizmetleri Ltd.\u015eti. \u0130n\u00f6n\u00fc Mahallesi Af\u015finbey Sokak No:8\/B KASTAMONU Tel : +90 366 212 3366 Faks : +90 366 212 4488 GSM : +90 549 212&hellip;<\/p>\n","protected":false},"author":1,"featured_media":0,"parent":0,"menu_order":7,"comment_status":"closed","ping_status":"closed","template":"","meta":{"om_disable_all_campaigns":false,"_mi_skip_tracking":false,"_monsterinsights_sitenote_active":false,"_monsterinsights_sitenote_note":"","_monsterinsights_sitenote_category":0},"aioseo_notices":[],"_links":{"self":[{"href":"http:\/\/www.haruntelekom.com\/index.php?rest_route=\/wp\/v2\/pages\/24"}],"collection":[{"href":"http:\/\/www.haruntelekom.com\/index.php?rest_route=\/wp\/v2\/pages"}],"about":[{"href":"http:\/\/www.haruntelekom.com\/index.php?rest_route=\/wp\/v2\/types\/page"}],"author":[{"embeddable":true,"href":"http:\/\/www.haruntelekom.com\/index.php?rest_route=\/wp\/v2\/users\/1"}],"replies":[{"embeddable":true,"href":"http:\/\/www.haruntelekom.com\/index.php?rest_route=%2Fwp%2Fv2%2Fcomments&post=24"}],"version-history":[{"count":11,"href":"http:\/\/www.haruntelekom.com\/index.php?rest_route=\/wp\/v2\/pages\/24\/revisions"}],"predecessor-version":[{"id":545,"href":"http:\/\/www.haruntelekom.com\/index.php?rest_route=\/wp\/v2\/pages\/24\/revisions\/545"}],"wp:attachment":[{"href":"http:\/\/www.haruntelekom.com\/index.php?rest_route=%2Fwp%2Fv2%2Fmedia&parent=24"}],"curies":[{"name":"wp","href":"https:\/\/api.w.org\/{rel}","templated":true}]}}