{"id":30,"date":"2018-03-02T01:44:28","date_gmt":"2018-03-01T22:44:28","guid":{"rendered":"http:\/\/www.harunelektronik.com\/?page_id=30"},"modified":"2021-10-29T09:47:26","modified_gmt":"2021-10-29T09:47:26","slug":"urunlerimiz","status":"publish","type":"page","link":"http:\/\/www.haruntelekom.com\/?page_id=30","title":{"rendered":"\u00dcr\u00fcnlerimiz"},"content":{"rendered":"<ul>\n<li>\n<p align=\"left\"><span style=\"color: #ffffff;\"><span style=\"font-family: Tahoma; font-size: small;\">Telsiz Sistemleri Sat\u0131\u015f, Bak\u0131m ve Onar\u0131m\u0131<\/span><\/span><\/p>\n<\/li>\n<li><span style=\"color: #ffffff;\"><span style=\"font-family: Tahoma; font-size: small;\"><span style=\"font-family: Tahoma;\"><span style=\"font-size: small;\">Telefon Santral Sistemleri<\/span><\/span> <\/span><\/span><\/li>\n<li>\n<p class=\"solmenuact\" align=\"left\"><span style=\"color: #ffffff;\"><span style=\"font-family: Tahoma;\"><span style=\"font-size: small;\">I\u015f\u0131kl\u0131 ve Sesli \u0130kaz Sistemleri<\/span><\/span><span style=\"font-family: Tahoma; font-size: small;\">\u00a0<\/span><\/span><\/p>\n<\/li>\n<li>\n<p class=\"solmenuact\" align=\"left\"><span style=\"color: #ffffff; font-family: Tahoma; font-size: small;\">Kablosuz Ses Yay\u0131n Sistemi Sat\u0131\u015f, Bak\u0131m ve Onar\u0131m\u0131<\/span><\/p>\n<\/li>\n<li>\n<p align=\"left\"><span style=\"color: #ffffff; font-family: Tahoma; font-size: small;\">Elektronik Projeler Ara\u015ft\u0131rma, Geli\u015ftirme ve \u00d6zel \u00dcretimi<\/span><\/p>\n<\/li>\n<li>\n<p align=\"left\"><span style=\"color: #ffffff; font-family: Tahoma; font-size: small;\">G\u00fcvenlik Sistemi Sat\u0131\u015f, Bak\u0131m ve Onar\u0131m\u0131<\/span><\/p>\n<\/li>\n<li>\n<p align=\"left\"><span style=\"color: #ffffff; font-family: Tahoma; font-size: small;\">Yang\u0131n ve Alarm Sistemleri Sat\u0131\u015f, Bak\u0131m ve Onar\u0131m\u0131<\/span><\/p>\n<\/li>\n<li>\n<p align=\"left\"><span style=\"color: #ffffff; font-family: Tahoma; font-size: small;\">Ara\u00e7 Takip Sistemleri<\/span><\/p>\n<\/li>\n<li>\n<p align=\"left\"><span style=\"color: #ffffff; font-family: Tahoma; font-size: small;\">Uzaktan Elektrik Saya\u00e7lar\u0131n\u0131 Okuma ve Veri Depolama Hizmetleri<\/span><\/p>\n<\/li>\n<li>\n<p align=\"left\"><span style=\"color: #ffffff; font-family: Tahoma; font-size: small;\">Elektronik Cihazlar\u0131n Bak\u0131m, Onar\u0131m ve Servis Hizmetleri<\/span><\/p>\n<\/li>\n<li>\n<p align=\"left\"><span style=\"color: #ffffff;\"><span style=\"font-family: Tahoma; font-size: small;\">Dedekt\u00f6r ve\u00a0<\/span><span style=\"font-family: Tahoma;\"><span style=\"font-size: small;\">Yer Radar\u0131 (GPR- Jeoradar)<\/span><\/span><\/span><\/p>\n<\/li>\n<li>\n<p align=\"left\"><span style=\"color: #ffffff; font-family: Tahoma; font-size: small;\">Ak\u0131ll\u0131 Tahta ve Projeksiyon<\/span><\/p>\n<\/li>\n<\/ul>\n","protected":false},"excerpt":{"rendered":"<p>Telsiz Sistemleri Sat\u0131\u015f, Bak\u0131m ve Onar\u0131m\u0131 Telefon Santral Sistemleri I\u015f\u0131kl\u0131 ve Sesli \u0130kaz Sistemleri\u00a0 Kablosuz Ses Yay\u0131n Sistemi Sat\u0131\u015f, Bak\u0131m ve Onar\u0131m\u0131 Elektronik Projeler Ara\u015ft\u0131rma, Geli\u015ftirme ve \u00d6zel \u00dcretimi G\u00fcvenlik&hellip;<\/p>\n","protected":false},"author":1,"featured_media":0,"parent":0,"menu_order":3,"comment_status":"closed","ping_status":"closed","template":"","meta":{"om_disable_all_campaigns":false,"_mi_skip_tracking":false,"_monsterinsights_sitenote_active":false,"_monsterinsights_sitenote_note":"","_monsterinsights_sitenote_category":0},"aioseo_notices":[],"_links":{"self":[{"href":"http:\/\/www.haruntelekom.com\/index.php?rest_route=\/wp\/v2\/pages\/30"}],"collection":[{"href":"http:\/\/www.haruntelekom.com\/index.php?rest_route=\/wp\/v2\/pages"}],"about":[{"href":"http:\/\/www.haruntelekom.com\/index.php?rest_route=\/wp\/v2\/types\/page"}],"author":[{"embeddable":true,"href":"http:\/\/www.haruntelekom.com\/index.php?rest_route=\/wp\/v2\/users\/1"}],"replies":[{"embeddable":true,"href":"http:\/\/www.haruntelekom.com\/index.php?rest_route=%2Fwp%2Fv2%2Fcomments&post=30"}],"version-history":[{"count":14,"href":"http:\/\/www.haruntelekom.com\/index.php?rest_route=\/wp\/v2\/pages\/30\/revisions"}],"predecessor-version":[{"id":536,"href":"http:\/\/www.haruntelekom.com\/index.php?rest_route=\/wp\/v2\/pages\/30\/revisions\/536"}],"wp:attachment":[{"href":"http:\/\/www.haruntelekom.com\/index.php?rest_route=%2Fwp%2Fv2%2Fmedia&parent=30"}],"curies":[{"name":"wp","href":"https:\/\/api.w.org\/{rel}","templated":true}]}}