{"id":38,"date":"2018-03-02T01:55:19","date_gmt":"2018-03-01T22:55:19","guid":{"rendered":"http:\/\/www.harunelektronik.com\/?page_id=38"},"modified":"2018-03-02T03:41:39","modified_gmt":"2018-03-02T00:41:39","slug":"telsiz","status":"publish","type":"page","link":"http:\/\/www.haruntelekom.com\/?page_id=38","title":{"rendered":"Telsiz"},"content":{"rendered":"<ul style=\"font-weight: 400;\">\n<li><span style=\"color: #ffffff;\">Kastamonu Belediye Ba\u015fkanl\u0131\u011f\u0131<\/span><\/li>\n<li><span style=\"color: #ffffff;\">Kastamonu Valili\u011fi \u0130l Sivil Savunma M\u00fcd\u00fcrl\u00fc\u011f\u00fc<\/span><\/li>\n<li><span style=\"color: #ffffff;\">Kastamonu \u0130l Sa\u011fl\u0131k M\u00fcd\u00fcrl\u00fc\u011f\u00fc (UMKE)<\/span><\/li>\n<li><span style=\"color: #ffffff;\">TE\u0130A\u015e T\u00fcrkiye Elektrik \u0130letim Anonim \u015eirketi Kastamonu \u015eubesi<\/span><\/li>\n<li><span style=\"color: #ffffff;\">BEDA\u015e Ba\u015fkent Elektrik Da\u011f\u0131t\u0131m A.\u015e. Kastamonu<\/span><\/li>\n<li><span style=\"color: #ffffff;\">Kastamonu Candaro\u011fullar\u0131 \u00d6zel G\u00fcvenlik Okulu<\/span><\/li>\n<li><span style=\"color: #ffffff;\">Y\u0131lmazlar Enerji Erzurum<\/span><\/li>\n<li><span style=\"color: #ffffff;\">Telsiz ve Radyo Amat\u00f6rleri Cemiyeti \u00c7ank\u0131r\u0131 \u015eubesi<\/span><\/li>\n<li><span style=\"color: #ffffff;\">Karab\u00fck ili Safranbolu Belediyesi<\/span><\/li>\n<li><span style=\"color: #ffffff;\">Kastamonu \u0130li Ta\u015fk\u00f6pr\u00fc Belediyesi<\/span><\/li>\n<li><span style=\"color: #ffffff;\">Kastamonu Albino Geri D\u00f6n\u00fc\u015f\u00fcm Hizmetleri<\/span><\/li>\n<li><span style=\"color: #ffffff;\">\u00c7ank\u0131r\u0131 \u0130l Emniyet M\u00fcd\u00fcrl\u00fc\u011f\u00fc<\/span><\/li>\n<li><span style=\"color: #ffffff;\">\u00c7ank\u0131r\u0131 Valili\u011fi Gen\u00e7lik Spor \u0130l M\u00fcd\u00fcrl\u00fc\u011f\u00fc<\/span><\/li>\n<li><span style=\"color: #ffffff;\">Kastamonu Valili\u011fi \u0130l \u00d6zel \u0130daresi<\/span><\/li>\n<li><span style=\"color: #ffffff;\">Kastamonu ELTES M\u00fchendislik En. \u0130n\u015f. Ltd.\u015eti.<\/span><\/li>\n<li><span style=\"color: #ffffff;\">Kastamonu Kara\u00e7omak Sulama Birli\u011fi Ba\u015fkanl\u0131\u011f\u0131<\/span><\/li>\n<li><span style=\"color: #ffffff;\">Kastamonu Daday Belediye Ba\u015fkanl\u0131\u011f\u0131<\/span><\/li>\n<li><span style=\"color: #ffffff;\">Kastamonu \u0130nebolu Belediye Ba\u015fkanl\u0131\u011f\u0131<\/span><\/li>\n<li><span style=\"color: #ffffff;\">Kastamonu Devrekani Belediye Ba\u015fkanl\u0131\u011f\u0131<\/span><\/li>\n<li><span style=\"color: #ffffff;\">Kastamonu \u00d6zlem D\u00fc\u011f\u00fcn Salonu<\/span><\/li>\n<li><span style=\"color: #ffffff;\">Kastamonu Valili\u011fi \u0130l Afet Acil Durum M\u00fcd\u00fcrl\u00fc\u011f\u00fc<\/span><\/li>\n<li><span style=\"color: #ffffff;\">Kastamonu \u0130lk Emniyet M\u00fcd\u00fcrl\u00fc\u011f\u00fc Trafik \u015eb. Md.<\/span><\/li>\n<li><span style=\"color: #ffffff;\">Kastamonu \u0130li Azdavay Belediye Ba\u015fkanl\u0131\u011f\u0131<\/span><\/li>\n<li><span style=\"color: #ffffff;\">Kastamonu \u0130l Sa\u011fl\u0131k M\u00fcd\u00fcrl\u00fc\u011f\u00fc \u0130l Merkezi<\/span><\/li>\n<li><span style=\"color: #ffffff;\">Kastamonu \u0130l Sa\u011fl\u0131k M\u00fcd\u00fcrl\u00fc\u011f\u00fc Ilgaz Da\u011f\u0131<\/span><\/li>\n<li><span style=\"color: #ffffff;\">Kastamonu \u0130l Sa\u011fl\u0131k M\u00fcd\u00fcrl\u00fc\u011f\u00fc Tosya \u0130l\u00e7esi<\/span><\/li>\n<li><span style=\"color: #ffffff;\">Kastamonu \u0130l Sa\u011fl\u0131k M\u00fcd\u00fcrl\u00fc\u011f\u00fc G\u00f6yn\u00fck Da\u011f\u0131<\/span><\/li>\n<li><span style=\"color: #ffffff;\">Kastamonu \u0130l Sa\u011fl\u0131k M\u00fcd\u00fcrl\u00fc\u011f\u00fc \u0130nebolu Radar \u0130stasyonu<\/span><\/li>\n<li><span style=\"color: #ffffff;\">Kastamonu \u0130l Sa\u011fl\u0131k M\u00fcd\u00fcrl\u00fc\u011f\u00fc Ball\u0131da\u011f Mevkii<\/span><\/li>\n<li><span style=\"color: #ffffff;\">Kastamonu \u0130l Sa\u011fl\u0131k M\u00fcd\u00fcrl\u00fc\u011f\u00fc Kayaba\u015f\u0131 Mevkii<\/span><\/li>\n<li><span style=\"color: #ffffff;\">Kastamonu \u0130l Emniyet M\u00fcd\u00fcrl\u00fc\u011f\u00fc ( DMR Dijital Telsiz R\u00f6le Sistemi )<\/span><\/li>\n<li><span style=\"color: #ffffff;\">Kastamonu Bozkurt Devlet Hastanesi<\/span><\/li>\n<li><span style=\"color: #ffffff;\">TRT Ankara Verici \u0130\u015fletmeleri Daire Ba\u015fkanl\u0131\u011f\u0131<\/span><\/li>\n<li><span style=\"color: #ffffff;\">\u00c7ank\u0131r\u0131 Belediyesi Su ve Hizmet Birli\u011fi Ba\u015fkanl\u0131\u011f\u0131<\/span><\/li>\n<li><span style=\"color: #ffffff;\">Karayollar\u0131 15. B\u00f6lge M\u00fcd\u00fcrl\u00fc\u011f\u00fc<\/span><\/li>\n<li><span style=\"color: #ffffff;\">TRT Ankara Verici \u0130\u015fletmeleri Daire Ba\u015fkanl\u0131\u011f\u0131 (B\u00f6lge Vericileri Anten Montaj\u0131 16 \u0130stasyon)<\/span><\/li>\n<\/ul>\n","protected":false},"excerpt":{"rendered":"<p>Kastamonu Belediye Ba\u015fkanl\u0131\u011f\u0131 Kastamonu Valili\u011fi \u0130l Sivil Savunma M\u00fcd\u00fcrl\u00fc\u011f\u00fc Kastamonu \u0130l Sa\u011fl\u0131k M\u00fcd\u00fcrl\u00fc\u011f\u00fc (UMKE) TE\u0130A\u015e T\u00fcrkiye Elektrik \u0130letim Anonim \u015eirketi Kastamonu \u015eubesi BEDA\u015e Ba\u015fkent Elektrik Da\u011f\u0131t\u0131m A.\u015e. Kastamonu Kastamonu Candaro\u011fullar\u0131&hellip;<\/p>\n","protected":false},"author":1,"featured_media":0,"parent":20,"menu_order":2,"comment_status":"closed","ping_status":"closed","template":"","meta":{"om_disable_all_campaigns":false,"_mi_skip_tracking":false,"_monsterinsights_sitenote_active":false,"_monsterinsights_sitenote_note":"","_monsterinsights_sitenote_category":0},"aioseo_notices":[],"_links":{"self":[{"href":"http:\/\/www.haruntelekom.com\/index.php?rest_route=\/wp\/v2\/pages\/38"}],"collection":[{"href":"http:\/\/www.haruntelekom.com\/index.php?rest_route=\/wp\/v2\/pages"}],"about":[{"href":"http:\/\/www.haruntelekom.com\/index.php?rest_route=\/wp\/v2\/types\/page"}],"author":[{"embeddable":true,"href":"http:\/\/www.haruntelekom.com\/index.php?rest_route=\/wp\/v2\/users\/1"}],"replies":[{"embeddable":true,"href":"http:\/\/www.haruntelekom.com\/index.php?rest_route=%2Fwp%2Fv2%2Fcomments&post=38"}],"version-history":[{"count":5,"href":"http:\/\/www.haruntelekom.com\/index.php?rest_route=\/wp\/v2\/pages\/38\/revisions"}],"predecessor-version":[{"id":108,"href":"http:\/\/www.haruntelekom.com\/index.php?rest_route=\/wp\/v2\/pages\/38\/revisions\/108"}],"up":[{"embeddable":true,"href":"http:\/\/www.haruntelekom.com\/index.php?rest_route=\/wp\/v2\/pages\/20"}],"wp:attachment":[{"href":"http:\/\/www.haruntelekom.com\/index.php?rest_route=%2Fwp%2Fv2%2Fmedia&parent=38"}],"curies":[{"name":"wp","href":"https:\/\/api.w.org\/{rel}","templated":true}]}}