{"id":44,"date":"2018-03-02T01:59:22","date_gmt":"2018-03-01T22:59:22","guid":{"rendered":"http:\/\/www.harunelektronik.com\/?page_id=44"},"modified":"2018-03-02T03:39:58","modified_gmt":"2018-03-02T00:39:58","slug":"bilgisayar-donanim-network-ve-fiber-altyapi-sistemleri","status":"publish","type":"page","link":"http:\/\/www.haruntelekom.com\/?page_id=44","title":{"rendered":"Bilgisayar Donan\u0131m, Network ve Fiber Altyap\u0131 Sistemleri"},"content":{"rendered":"<ul style=\"font-weight: 400;\">\n<li><span style=\"color: #ffffff;\">Kastamonu Valili\u011fi Merkez \u0130l\u00e7e K\u00f6ylere Hizmet G\u00f6t\u00fcrme Birli\u011fi<\/span><\/li>\n<li><span style=\"color: #ffffff;\">Kastamonu \u00dcniversitesi Rekt\u00f6rl\u00fc\u011f\u00fc<\/span><\/li>\n<li><span style=\"color: #ffffff;\">Kastamonu Mavi\u015f \u0130nternet Kafe ve Oyun Salonu<\/span><\/li>\n<li><span style=\"color: #ffffff;\">\u0130\u015f-Net Elektronik Bilgi \u00dcretim Da\u011f. Tic. \u0130let. Hiz. A\u015e.<\/span><\/li>\n<li><span style=\"color: #ffffff;\">Kastamonu \u00dcniversitesi Orman Fak\u00fcltesi<\/span><\/li>\n<li><span style=\"color: #ffffff;\">Kastamonu Topcuo\u011flu Hukuk B\u00fcrosu<\/span><\/li>\n<li><span style=\"color: #ffffff;\">Kastamonu Ilgaz Hukuk B\u00fcrosu<\/span><\/li>\n<li><span style=\"color: #ffffff;\">Kastamonu Zirve Temizlik Ltd.\u015eti.<\/span><\/li>\n<li><span style=\"color: #ffffff;\">Kastamonu K\u0131z\u0131lay \u015eubesi<\/span><\/li>\n<li><span style=\"color: #ffffff;\">Kastamonu \u0130l \u00d6zel \u0130daresi<\/span><\/li>\n<li><span style=\"color: #ffffff;\">Kastamonu \u0130li Tosya \u0130\u00e7esi Ferhat KARAMAN ( \u0130nternet kafe Kurulum, Donat\u0131m\u0131)<\/span><\/li>\n<li><span style=\"color: #ffffff;\">Kastamonu Valili\u011fi \u0130l Afet Acil Durum M\u00fcd\u00fcrl\u00fc\u011f\u00fc<\/span><\/li>\n<li><span style=\"color: #ffffff;\">Kastamonu Ta\u015fk\u00f6pr\u00fc Bahri Alp \u0130lk \u00d6\u011fretim Okulu<\/span><\/li>\n<li><span style=\"color: #ffffff;\">K\u0131z\u0131lay Kastamonu \u015eubesi<\/span><\/li>\n<li><span style=\"color: #ffffff;\">Kastamonu \u00dcniversitesi Tosya Meslek Y\u00fcksek Okulu<\/span><\/li>\n<li><span style=\"color: #ffffff;\">Kastamonu \u00dcniversitesi Ta\u015fk\u00f6pr\u00fc Meslek Y\u00fcksek Okulu<\/span><\/li>\n<li><span style=\"color: #ffffff;\">Kastamonu Belediye Ba\u015fkanl\u0131\u011f\u0131<\/span><\/li>\n<li><span style=\"color: #ffffff;\">M\u0130SKOS Helva G\u0131d.Tek.\u0130\u015f.San ve D\u0131\u015f Tic Ltd.\u015eti.<\/span><\/li>\n<li><span style=\"color: #ffffff;\">Kastamonu TE\u0130A\u015e 22. \u0130lt.Tesis Grup M\u00fcd\u00fcrl\u00fc\u011f\u00fc<\/span><\/li>\n<li><span style=\"color: #ffffff;\">Elkotek \u0130lt.Ar\u00e7.Yat.San.Tic.A.\u015e. \u0130stanbul<\/span><\/li>\n<li><span style=\"color: #ffffff;\">Bilge \u0130\u015f Teknolojileri (Trabzon)<\/span><\/li>\n<li><span style=\"color: #ffffff;\">Kastamonu Belediye Ba\u015fkanl\u0131\u011f\u0131 Mali Hizmetler M\u00fcd\u00fcrl\u00fc\u011f\u00fc<\/span><\/li>\n<li><span style=\"color: #ffffff;\">KIZILAY Derne\u011fi Kastamonu \u015eubesi<\/span><\/li>\n<li><span style=\"color: #ffffff;\">Kastamonu Valili\u011fi Kuyezkent Anadolu Lisesi M\u00fcd\u00fcrl\u00fc\u011f\u00fc<\/span><\/li>\n<\/ul>\n","protected":false},"excerpt":{"rendered":"<p>Kastamonu Valili\u011fi Merkez \u0130l\u00e7e K\u00f6ylere Hizmet G\u00f6t\u00fcrme Birli\u011fi Kastamonu \u00dcniversitesi Rekt\u00f6rl\u00fc\u011f\u00fc Kastamonu Mavi\u015f \u0130nternet Kafe ve Oyun Salonu \u0130\u015f-Net Elektronik Bilgi \u00dcretim Da\u011f. Tic. \u0130let. Hiz. A\u015e. Kastamonu \u00dcniversitesi Orman&hellip;<\/p>\n","protected":false},"author":1,"featured_media":0,"parent":20,"menu_order":3,"comment_status":"closed","ping_status":"closed","template":"","meta":{"om_disable_all_campaigns":false,"_mi_skip_tracking":false,"_monsterinsights_sitenote_active":false,"_monsterinsights_sitenote_note":"","_monsterinsights_sitenote_category":0},"aioseo_notices":[],"_links":{"self":[{"href":"http:\/\/www.haruntelekom.com\/index.php?rest_route=\/wp\/v2\/pages\/44"}],"collection":[{"href":"http:\/\/www.haruntelekom.com\/index.php?rest_route=\/wp\/v2\/pages"}],"about":[{"href":"http:\/\/www.haruntelekom.com\/index.php?rest_route=\/wp\/v2\/types\/page"}],"author":[{"embeddable":true,"href":"http:\/\/www.haruntelekom.com\/index.php?rest_route=\/wp\/v2\/users\/1"}],"replies":[{"embeddable":true,"href":"http:\/\/www.haruntelekom.com\/index.php?rest_route=%2Fwp%2Fv2%2Fcomments&post=44"}],"version-history":[{"count":3,"href":"http:\/\/www.haruntelekom.com\/index.php?rest_route=\/wp\/v2\/pages\/44\/revisions"}],"predecessor-version":[{"id":105,"href":"http:\/\/www.haruntelekom.com\/index.php?rest_route=\/wp\/v2\/pages\/44\/revisions\/105"}],"up":[{"embeddable":true,"href":"http:\/\/www.haruntelekom.com\/index.php?rest_route=\/wp\/v2\/pages\/20"}],"wp:attachment":[{"href":"http:\/\/www.haruntelekom.com\/index.php?rest_route=%2Fwp%2Fv2%2Fmedia&parent=44"}],"curies":[{"name":"wp","href":"https:\/\/api.w.org\/{rel}","templated":true}]}}