{"id":442,"date":"2018-03-02T12:34:13","date_gmt":"2018-03-02T09:34:13","guid":{"rendered":"http:\/\/www.harunelektronik.com\/?page_id=442"},"modified":"2019-03-01T21:20:04","modified_gmt":"2019-03-01T21:20:04","slug":"isikli-ve-sesli-ikaz-sistemleri","status":"publish","type":"page","link":"http:\/\/www.haruntelekom.com\/?page_id=442","title":{"rendered":"I\u015f\u0131kl\u0131 ve Sesli \u0130kaz Sistemleri"},"content":{"rendered":"\n<figure class=\"wp-block-image\"><img decoding=\"async\" loading=\"lazy\" width=\"873\" height=\"607\" src=\"http:\/\/www.haruntelekom.com\/wp-content\/uploads\/2018\/03\/Tepe-Lambas\u0131.png\" alt=\"\" class=\"wp-image-443\" srcset=\"http:\/\/www.haruntelekom.com\/wp-content\/uploads\/2018\/03\/Tepe-Lambas\u0131.png 873w, http:\/\/www.haruntelekom.com\/wp-content\/uploads\/2018\/03\/Tepe-Lambas\u0131-300x209.png 300w, http:\/\/www.haruntelekom.com\/wp-content\/uploads\/2018\/03\/Tepe-Lambas\u0131-768x534.png 768w\" sizes=\"(max-width: 873px) 100vw, 873px\" \/><\/figure>\n","protected":false},"excerpt":{"rendered":"","protected":false},"author":1,"featured_media":0,"parent":30,"menu_order":3,"comment_status":"closed","ping_status":"closed","template":"","meta":{"om_disable_all_campaigns":false,"_mi_skip_tracking":false,"_monsterinsights_sitenote_active":false,"_monsterinsights_sitenote_note":"","_monsterinsights_sitenote_category":0},"aioseo_notices":[],"_links":{"self":[{"href":"http:\/\/www.haruntelekom.com\/index.php?rest_route=\/wp\/v2\/pages\/442"}],"collection":[{"href":"http:\/\/www.haruntelekom.com\/index.php?rest_route=\/wp\/v2\/pages"}],"about":[{"href":"http:\/\/www.haruntelekom.com\/index.php?rest_route=\/wp\/v2\/types\/page"}],"author":[{"embeddable":true,"href":"http:\/\/www.haruntelekom.com\/index.php?rest_route=\/wp\/v2\/users\/1"}],"replies":[{"embeddable":true,"href":"http:\/\/www.haruntelekom.com\/index.php?rest_route=%2Fwp%2Fv2%2Fcomments&post=442"}],"version-history":[{"count":1,"href":"http:\/\/www.haruntelekom.com\/index.php?rest_route=\/wp\/v2\/pages\/442\/revisions"}],"predecessor-version":[{"id":444,"href":"http:\/\/www.haruntelekom.com\/index.php?rest_route=\/wp\/v2\/pages\/442\/revisions\/444"}],"up":[{"embeddable":true,"href":"http:\/\/www.haruntelekom.com\/index.php?rest_route=\/wp\/v2\/pages\/30"}],"wp:attachment":[{"href":"http:\/\/www.haruntelekom.com\/index.php?rest_route=%2Fwp%2Fv2%2Fmedia&parent=442"}],"curies":[{"name":"wp","href":"https:\/\/api.w.org\/{rel}","templated":true}]}}