{"id":46,"date":"2018-03-02T01:59:59","date_gmt":"2018-03-01T22:59:59","guid":{"rendered":"http:\/\/www.harunelektronik.com\/?page_id=46"},"modified":"2018-03-02T03:40:22","modified_gmt":"2018-03-02T00:40:22","slug":"telsiz-kablosuz-ses-yayin-sistemleri","status":"publish","type":"page","link":"http:\/\/www.haruntelekom.com\/?page_id=46","title":{"rendered":"Telsiz (Kablosuz) Ses Yay\u0131n Sistemleri"},"content":{"rendered":"<ul style=\"font-weight: 400;\">\n<li><span style=\"color: #ffffff;\">Kastamonu Belediye Ba\u015fkanl\u0131\u011f\u0131<\/span><\/li>\n<li><span style=\"color: #ffffff;\">Kastamonu \u0130l M\u00fcft\u00fcl\u00fc\u011f\u00fc<\/span><\/li>\n<li><span style=\"color: #ffffff;\">Kastamonu \u0130li A\u011fl\u0131 \u0130l\u00e7e M\u00fcft\u00fcl\u00fc\u011f\u00fc<\/span><\/li>\n<li><span style=\"color: #ffffff;\">Kastamonu \u0130li Daday \u0130l\u00e7e M\u00fcft\u00fcl\u00fc\u011f\u00fc<\/span><\/li>\n<li><span style=\"color: #ffffff;\">Kastamonu \u0130li \u0130hsangazi \u0130l\u00e7e M\u00fcft\u00fcl\u00fc\u011f\u00fc<\/span><\/li>\n<li><span style=\"color: #ffffff;\">Kastamonu \u0130li Ta\u015fk\u00f6pr\u00fc Belediyesi<\/span><\/li>\n<li><span style=\"color: #ffffff;\">Kastamonu \u0130li Ta\u015fk\u00f6pr\u00fc \u0130l\u00e7e M\u00fcft\u00fcl\u00fc\u011f\u00fc<\/span><\/li>\n<li><span style=\"color: #ffffff;\">Kastamonu \u0130li Abana \u0130l\u00e7e M\u00fcft\u00fcl\u00fc\u011f\u00fc<\/span><\/li>\n<li><span style=\"color: #ffffff;\">Kastamonu \u0130li Azdavay Belediye Ba\u015fkanl\u0131\u011f\u0131<\/span><\/li>\n<li><span style=\"color: #ffffff;\">Kastamonu \u0130li Daday Belediye Ba\u015fkanl\u0131\u011f\u0131<\/span><\/li>\n<li><span style=\"color: #ffffff;\">Kastamonu TA\u015eIKO S.S.Kastamonu Mot.Ta\u015f.Koop.<\/span><\/li>\n<li><span style=\"color: #ffffff;\">Kastamonu Pattabano\u011flu Kuyumculuk<\/span><\/li>\n<li><span style=\"color: #ffffff;\">Kastamonu Devrekani Belediye Ba\u015fkanl\u0131\u011f\u0131<\/span><\/li>\n<li><span style=\"color: #ffffff;\">Kastamonu \u0130nebolu Belediye Ba\u015fkanl\u0131\u011f\u0131<\/span><\/li>\n<li><span style=\"color: #ffffff;\">Kastamonu Entegre A\u011fa\u00e7 San.<\/span><\/li>\n<li><span style=\"color: #ffffff;\">Kastamonu Ta\u015fk\u00f6pr\u00fc \u0130l\u00e7esi Kayap\u0131nar K\u00f6y\u00fc<\/span><\/li>\n<li><span style=\"color: #ffffff;\">Kastamonu Ta\u015fk\u00f6pr\u00fc Karadere Sulama Birli\u011fi Ba\u015fkanl\u0131\u011f\u0131<\/span><\/li>\n<li><span style=\"color: #ffffff;\">Kastamonu Ta\u015fk\u00f6pr\u00fc Orta\u00f6z K\u00f6y\u00fc<\/span><\/li>\n<li><span style=\"color: #ffffff;\">Kastamonu E\u015fen K\u00f6y\u00fc<\/span><\/li>\n<\/ul>\n","protected":false},"excerpt":{"rendered":"<p>Kastamonu Belediye Ba\u015fkanl\u0131\u011f\u0131 Kastamonu \u0130l M\u00fcft\u00fcl\u00fc\u011f\u00fc Kastamonu \u0130li A\u011fl\u0131 \u0130l\u00e7e M\u00fcft\u00fcl\u00fc\u011f\u00fc Kastamonu \u0130li Daday \u0130l\u00e7e M\u00fcft\u00fcl\u00fc\u011f\u00fc Kastamonu \u0130li \u0130hsangazi \u0130l\u00e7e M\u00fcft\u00fcl\u00fc\u011f\u00fc Kastamonu \u0130li Ta\u015fk\u00f6pr\u00fc Belediyesi Kastamonu \u0130li Ta\u015fk\u00f6pr\u00fc \u0130l\u00e7e M\u00fcft\u00fcl\u00fc\u011f\u00fc&hellip;<\/p>\n","protected":false},"author":1,"featured_media":0,"parent":20,"menu_order":4,"comment_status":"closed","ping_status":"closed","template":"","meta":{"om_disable_all_campaigns":false,"_mi_skip_tracking":false,"_monsterinsights_sitenote_active":false,"_monsterinsights_sitenote_note":"","_monsterinsights_sitenote_category":0},"aioseo_notices":[],"_links":{"self":[{"href":"http:\/\/www.haruntelekom.com\/index.php?rest_route=\/wp\/v2\/pages\/46"}],"collection":[{"href":"http:\/\/www.haruntelekom.com\/index.php?rest_route=\/wp\/v2\/pages"}],"about":[{"href":"http:\/\/www.haruntelekom.com\/index.php?rest_route=\/wp\/v2\/types\/page"}],"author":[{"embeddable":true,"href":"http:\/\/www.haruntelekom.com\/index.php?rest_route=\/wp\/v2\/users\/1"}],"replies":[{"embeddable":true,"href":"http:\/\/www.haruntelekom.com\/index.php?rest_route=%2Fwp%2Fv2%2Fcomments&post=46"}],"version-history":[{"count":3,"href":"http:\/\/www.haruntelekom.com\/index.php?rest_route=\/wp\/v2\/pages\/46\/revisions"}],"predecessor-version":[{"id":106,"href":"http:\/\/www.haruntelekom.com\/index.php?rest_route=\/wp\/v2\/pages\/46\/revisions\/106"}],"up":[{"embeddable":true,"href":"http:\/\/www.haruntelekom.com\/index.php?rest_route=\/wp\/v2\/pages\/20"}],"wp:attachment":[{"href":"http:\/\/www.haruntelekom.com\/index.php?rest_route=%2Fwp%2Fv2%2Fmedia&parent=46"}],"curies":[{"name":"wp","href":"https:\/\/api.w.org\/{rel}","templated":true}]}}