{"id":48,"date":"2018-03-02T02:01:22","date_gmt":"2018-03-01T23:01:22","guid":{"rendered":"http:\/\/www.harunelektronik.com\/?page_id=48"},"modified":"2019-03-01T21:20:57","modified_gmt":"2019-03-01T21:20:57","slug":"ses-yayin-sistemleri","status":"publish","type":"page","link":"http:\/\/www.haruntelekom.com\/?page_id=48","title":{"rendered":"Ses Yay\u0131n Sistemleri"},"content":{"rendered":"<ul style=\"font-weight: 400;\">\n<li><span style=\"color: #ffffff;\">Kastamonu K\u00fcre Halk e\u011fitim Merkezi<\/span><\/li>\n<li><span style=\"color: #ffffff;\">Kastamonu Orman B\u00f6lge M\u00fcd\u00fcrl\u00fc\u011f\u00fc<\/span><\/li>\n<li><span style=\"color: #ffffff;\">Kastamonu Evim Al\u0131\u015f-Veri\u015f Merkezi<\/span><\/li>\n<li><span style=\"color: #ffffff;\">Kastamonu Ilgaz Hukuk B\u00fcrosu<\/span><\/li>\n<li><span style=\"color: #ffffff;\">Kastamonu Belediye Ba\u015fkanl\u0131\u011f\u0131<\/span><\/li>\n<li><span style=\"color: #ffffff;\">Kastamonu \u0130l Milli E\u011f. M\u00fcd. Karadere \u0130lk. \u00d6\u011f. Ok.<\/span><\/li>\n<li><span style=\"color: #ffffff;\">\u00c7andaro\u011fullar\u0131 Camii Yapt\u0131rma ve Ya\u015fatma Derne\u011fi<\/span><\/li>\n<li><span style=\"color: #ffffff;\">Kastamonu Valili\u011fi Kuyezkent Anadolu Lisesi M\u00fcd\u00fcrl\u00fc\u011f\u00fc<\/span><\/li>\n<li><span style=\"color: #ffffff;\">Kastamonu TE\u0130A\u015e 22.\u0130letim Tesis ve \u0130\u015fletme M\u00fcd\u00fcrl\u00fc\u011f\u00fc<\/span><\/li>\n<li><span style=\"color: #ffffff;\">Kastamonu Ta\u015fk\u00f6pr\u00fc Kayap\u0131nar K\u00f6y\u00fc Kalk\u0131nma Koop.<\/span><\/li>\n<li><span style=\"color: #ffffff;\">Manisa Ala\u015fehir Bad\u0131nca K\u00f6y\u00fc<\/span><\/li>\n<li><span style=\"color: #ffffff;\">Kastamonu Ta\u015fk\u00f6pr\u00fc \u00c7aylaklar K\u00f6y\u00fc Camii<\/span><\/li>\n<li><span style=\"color: #ffffff;\">Kastamonu Valili\u011fi Gen\u00e7lik Hizmetleri ve Spor \u0130l M\u00fcd\u00fcrl\u00fc\u011f\u00fc<\/span><\/li>\n<li><span style=\"color: #ffffff;\">Zonguldak Ere\u011fli A\u015fa\u011f\u0131kayal\u0131 Derek\u00f6y\u00fc<\/span><\/li>\n<\/ul>\n","protected":false},"excerpt":{"rendered":"<p>Kastamonu K\u00fcre Halk e\u011fitim Merkezi Kastamonu Orman B\u00f6lge M\u00fcd\u00fcrl\u00fc\u011f\u00fc Kastamonu Evim Al\u0131\u015f-Veri\u015f Merkezi Kastamonu Ilgaz Hukuk B\u00fcrosu Kastamonu Belediye Ba\u015fkanl\u0131\u011f\u0131 Kastamonu \u0130l Milli E\u011f. M\u00fcd. Karadere \u0130lk. \u00d6\u011f. Ok. \u00c7andaro\u011fullar\u0131&hellip;<\/p>\n","protected":false},"author":1,"featured_media":0,"parent":20,"menu_order":5,"comment_status":"closed","ping_status":"closed","template":"","meta":{"om_disable_all_campaigns":false,"_mi_skip_tracking":false,"_monsterinsights_sitenote_active":false,"_monsterinsights_sitenote_note":"","_monsterinsights_sitenote_category":0},"aioseo_notices":[],"_links":{"self":[{"href":"http:\/\/www.haruntelekom.com\/index.php?rest_route=\/wp\/v2\/pages\/48"}],"collection":[{"href":"http:\/\/www.haruntelekom.com\/index.php?rest_route=\/wp\/v2\/pages"}],"about":[{"href":"http:\/\/www.haruntelekom.com\/index.php?rest_route=\/wp\/v2\/types\/page"}],"author":[{"embeddable":true,"href":"http:\/\/www.haruntelekom.com\/index.php?rest_route=\/wp\/v2\/users\/1"}],"replies":[{"embeddable":true,"href":"http:\/\/www.haruntelekom.com\/index.php?rest_route=%2Fwp%2Fv2%2Fcomments&post=48"}],"version-history":[{"count":2,"href":"http:\/\/www.haruntelekom.com\/index.php?rest_route=\/wp\/v2\/pages\/48\/revisions"}],"predecessor-version":[{"id":70,"href":"http:\/\/www.haruntelekom.com\/index.php?rest_route=\/wp\/v2\/pages\/48\/revisions\/70"}],"up":[{"embeddable":true,"href":"http:\/\/www.haruntelekom.com\/index.php?rest_route=\/wp\/v2\/pages\/20"}],"wp:attachment":[{"href":"http:\/\/www.haruntelekom.com\/index.php?rest_route=%2Fwp%2Fv2%2Fmedia&parent=48"}],"curies":[{"name":"wp","href":"https:\/\/api.w.org\/{rel}","templated":true}]}}