{"id":50,"date":"2018-03-02T02:02:15","date_gmt":"2018-03-01T23:02:15","guid":{"rendered":"http:\/\/www.harunelektronik.com\/?page_id=50"},"modified":"2018-03-02T03:41:11","modified_gmt":"2018-03-02T00:41:11","slug":"kamera-ve-guvenlik-sistemleri","status":"publish","type":"page","link":"http:\/\/www.haruntelekom.com\/?page_id=50","title":{"rendered":"Kamera ve G\u00fcvenlik Sistemleri"},"content":{"rendered":"<ul style=\"font-weight: 400;\">\n<li><span style=\"color: #ffffff;\">Kastamonu Belediye Ba\u015fkanl\u0131\u011f\u0131<\/span><\/li>\n<li><span style=\"color: #ffffff;\">Kastamonu Belediyesi Kapal\u0131 Otopark\u0131<\/span><\/li>\n<li><span style=\"color: #ffffff;\">Kastamonu Belediyesi KASK\u0130<\/span><\/li>\n<li><span style=\"color: #ffffff;\">Kastamonu Belediyesi Kuzeykent Ek Hiz. Binas\u0131<\/span><\/li>\n<li><span style=\"color: #ffffff;\">Kastamonu Candaro\u011fullar\u0131 \u00d6zel G\u00fcvenlik Okulu<\/span><\/li>\n<li><span style=\"color: #ffffff;\">Kastamonu G\u00fclaylar Kuyumculuk<\/span><\/li>\n<li><span style=\"color: #ffffff;\">Kastamonu Jandarma Alay Komutanl\u0131\u011f\u0131<\/span><\/li>\n<li><span style=\"color: #ffffff;\">Kastamonu Jandarma Alay Komutanl\u0131\u011f\u0131<\/span><\/li>\n<li><span style=\"color: #ffffff;\">Kastamonu Jandarma B\u00f6lge Komutanl\u0131\u011f\u0131<\/span><\/li>\n<li><span style=\"color: #ffffff;\">Kastamonu Valili\u011fi Vedat Tek K\u00fclt\u00fcr Merkezi<\/span><\/li>\n<li><span style=\"color: #ffffff;\">Kastamonu Valili\u011fi \u0130l \u00d6zel \u0130daresi<\/span><\/li>\n<li><span style=\"color: #ffffff;\">Kastamonu Top\u00e7uo\u011flu Hukuk B\u00fcrosu<\/span><\/li>\n<li><span style=\"color: #ffffff;\">Kastamonu \u0130l Emniyet M\u00fcd\u00fcrl\u00fc\u011f\u00fc \u00d6zel Harekat \u015eubesi<\/span><\/li>\n<li><span style=\"color: #ffffff;\">Kastamonu VESTEL Beyaz E\u015fya Servisi (Buz Teknik)<\/span><\/li>\n<li><span style=\"color: #ffffff;\">Kastamonu Ta\u015fk\u00f6pr\u00fc Balc\u0131o\u011flu Koll \u015eti.<\/span><\/li>\n<li><span style=\"color: #ffffff;\">Kastamonu Ilgaz Hukuk B\u00fcrosu<\/span><\/li>\n<li><span style=\"color: #ffffff;\">Kastamonu Zirve Temizlik Ltd.\u015eti.<\/span><\/li>\n<li><span style=\"color: #ffffff;\">Kastamonu Af\u015finbey Apartman\u0131<\/span><\/li>\n<li><span style=\"color: #ffffff;\">Kastamonu \u0130l Emniyet M\u00fcd\u00fcrl\u00fc\u011f\u00fc<\/span><\/li>\n<li><span style=\"color: #ffffff;\">Kastamonu \u0130lham Sitesi<\/span><\/li>\n<li><span style=\"color: #ffffff;\">Kastamonu Evim Al\u0131\u015f-Veri\u015f merkezi<\/span><\/li>\n<li><span style=\"color: #ffffff;\">Kastamonu Belediyesi Candaro\u011fullar\u0131 Alt ge\u00e7idi<\/span><\/li>\n<li><span style=\"color: #ffffff;\">Kastamonu Mavi\u015f \u0130nternet Kafe<\/span><\/li>\n<li><span style=\"color: #ffffff;\">Kastamonu Mutlu G\u0131da Al\u0131\u015f- Veri\u015f Merkezi<\/span><\/li>\n<li><span style=\"color: #ffffff;\">Kastamonu Belediye Ba\u015fkanl\u0131\u011f\u0131 Fen \u0130\u015fleri M\u00fcd.<\/span><\/li>\n<li><span style=\"color: #ffffff;\">Kastamonu Belediye Ba\u015fkanl\u0131\u011f\u0131 Yaz\u0131 \u0130\u015fleri M\u00fcd.<\/span><\/li>\n<li><span style=\"color: #ffffff;\">YBM B\u00fcro Makine San.<\/span><\/li>\n<li><span style=\"color: #ffffff;\">Kastamonu Orman B\u00f6lge M\u00fcd\u00fcrl\u00fc\u011f\u00fc<\/span><\/li>\n<li><span style=\"color: #ffffff;\">Kastamonu \u00dcniversitesi Cide Uygulama Oteli<\/span><\/li>\n<li><span style=\"color: #ffffff;\">Kastamonu \u00dcniversitesi Rekt\u00f6rl\u00fc\u011f\u00fc Bilgi \u0130\u015flem Daire Ba\u015fkanl\u0131\u011f\u0131<\/span><\/li>\n<\/ul>\n","protected":false},"excerpt":{"rendered":"<p>Kastamonu Belediye Ba\u015fkanl\u0131\u011f\u0131 Kastamonu Belediyesi Kapal\u0131 Otopark\u0131 Kastamonu Belediyesi KASK\u0130 Kastamonu Belediyesi Kuzeykent Ek Hiz. Binas\u0131 Kastamonu Candaro\u011fullar\u0131 \u00d6zel G\u00fcvenlik Okulu Kastamonu G\u00fclaylar Kuyumculuk Kastamonu Jandarma Alay Komutanl\u0131\u011f\u0131 Kastamonu Jandarma&hellip;<\/p>\n","protected":false},"author":1,"featured_media":0,"parent":20,"menu_order":6,"comment_status":"closed","ping_status":"closed","template":"","meta":{"om_disable_all_campaigns":false,"_mi_skip_tracking":false,"_monsterinsights_sitenote_active":false,"_monsterinsights_sitenote_note":"","_monsterinsights_sitenote_category":0},"aioseo_notices":[],"_links":{"self":[{"href":"http:\/\/www.haruntelekom.com\/index.php?rest_route=\/wp\/v2\/pages\/50"}],"collection":[{"href":"http:\/\/www.haruntelekom.com\/index.php?rest_route=\/wp\/v2\/pages"}],"about":[{"href":"http:\/\/www.haruntelekom.com\/index.php?rest_route=\/wp\/v2\/types\/page"}],"author":[{"embeddable":true,"href":"http:\/\/www.haruntelekom.com\/index.php?rest_route=\/wp\/v2\/users\/1"}],"replies":[{"embeddable":true,"href":"http:\/\/www.haruntelekom.com\/index.php?rest_route=%2Fwp%2Fv2%2Fcomments&post=50"}],"version-history":[{"count":3,"href":"http:\/\/www.haruntelekom.com\/index.php?rest_route=\/wp\/v2\/pages\/50\/revisions"}],"predecessor-version":[{"id":107,"href":"http:\/\/www.haruntelekom.com\/index.php?rest_route=\/wp\/v2\/pages\/50\/revisions\/107"}],"up":[{"embeddable":true,"href":"http:\/\/www.haruntelekom.com\/index.php?rest_route=\/wp\/v2\/pages\/20"}],"wp:attachment":[{"href":"http:\/\/www.haruntelekom.com\/index.php?rest_route=%2Fwp%2Fv2%2Fmedia&parent=50"}],"curies":[{"name":"wp","href":"https:\/\/api.w.org\/{rel}","templated":true}]}}