{"id":54,"date":"2018-03-02T02:03:52","date_gmt":"2018-03-01T23:03:52","guid":{"rendered":"http:\/\/www.harunelektronik.com\/?page_id=54"},"modified":"2018-03-02T03:42:49","modified_gmt":"2018-03-02T00:42:49","slug":"isiklandirma-ve-ikaz-sistemleri","status":"publish","type":"page","link":"http:\/\/www.haruntelekom.com\/?page_id=54","title":{"rendered":"I\u015f\u0131kland\u0131rma ve \u0130kaz Sistemleri"},"content":{"rendered":"<ul style=\"font-weight: 400;\">\n<li><span style=\"color: #ffffff;\">Kastamonu \u0130l Emniyet M\u00fcd\u00fcrl\u00fc\u011f\u00fc<\/span><\/li>\n<li><span style=\"color: #ffffff;\">Kastamonu \u00dcniversitesi Rekt\u00f6rl\u00fc\u011f\u00fc<\/span><\/li>\n<li><span style=\"color: #ffffff;\">Kastamonu Belediyesi Defin \u0130\u015fleri M\u00fcd\u00fcrl\u00fc\u011f\u00fc<\/span><\/li>\n<li><span style=\"color: #ffffff;\">Kastamonu \u0130tfaiye M\u00fcd\u00fcrl\u00fc\u011f\u00fc<\/span><\/li>\n<li><span style=\"color: #ffffff;\">Kastamonu Belediye Ba\u015fkanl\u0131\u011f\u0131 Temizlik \u0130\u015fleri<\/span><\/li>\n<li><span style=\"color: #ffffff;\">Kastamonu Valili\u011fi \u0130l \u00d6zel \u0130daresi<\/span><\/li>\n<li><span style=\"color: #ffffff;\">\u00c7ank\u0131r\u0131 Belediye Ba\u015fkanl\u0131\u011f\u0131<\/span><\/li>\n<li><span style=\"color: #ffffff;\">Kastamonu \u0130l Sa\u011fl\u0131k M\u00fcd\u00fcrl\u00fc\u011f\u00fc<\/span><\/li>\n<li><span style=\"color: #ffffff;\">Kastamonu \u0130l Sa\u011fl\u0131k M\u00fcd\u00fcrl\u00fc\u011f\u00fc 112 \u015eubesi<\/span><\/li>\n<li><span style=\"color: #ffffff;\">Kastamonu Han\u00f6n\u00fc \u0130l\u00e7esi 112 Acil<\/span><\/li>\n<li><span style=\"color: #ffffff;\">Kastamonu P\u0131narba\u015f\u0131 \u0130l\u00e7esi112 Acil<\/span><\/li>\n<li><span style=\"color: #ffffff;\">Kastamonu \u015eenpazar \u0130l\u00e7esi 112 Acil<\/span><\/li>\n<li><span style=\"color: #ffffff;\">Kastamonu A\u011fl\u0131 \u0130l\u00e7esi 112 Acil<\/span><\/li>\n<li><span style=\"color: #ffffff;\">Kastamonu Ara\u00e7 \u0130l\u00e7esi 112 Acil<\/span><\/li>\n<li><span style=\"color: #ffffff;\">Kastamonu Afet Acil Durum M\u00fcd\u00fcrl\u00fc\u011f\u00fc (AFAD)<\/span><\/li>\n<li><span style=\"color: #ffffff;\">Kastamonu Belediye Ba\u015fkanl\u0131\u011f\u0131 Makam Arac\u0131 i\u00e7in<\/span><\/li>\n<li><span style=\"color: #ffffff;\">TRT Ankara Verici \u0130\u015fletmeleri Daire Ba\u015fkanl\u0131\u011f\u0131<\/span><\/li>\n<li><span style=\"color: #ffffff;\">Kastamonu Abana Belediye Ba\u015fkanl\u0131\u011f\u0131 Zab\u0131ta Amirli\u011fi<\/span><\/li>\n<li><span style=\"color: #ffffff;\">Kastamonu Belediye Ba\u015fkanl\u0131\u011f\u0131 Destek Hizmetleri M\u00fcd\u00fcrl\u00fc\u011f\u00fc<\/span><\/li>\n<li><span style=\"color: #ffffff;\">KIZILAY Derne\u011fi Kastamonu \u015eubesi<\/span><\/li>\n<\/ul>\n","protected":false},"excerpt":{"rendered":"<p>Kastamonu \u0130l Emniyet M\u00fcd\u00fcrl\u00fc\u011f\u00fc Kastamonu \u00dcniversitesi Rekt\u00f6rl\u00fc\u011f\u00fc Kastamonu Belediyesi Defin \u0130\u015fleri M\u00fcd\u00fcrl\u00fc\u011f\u00fc Kastamonu \u0130tfaiye M\u00fcd\u00fcrl\u00fc\u011f\u00fc Kastamonu Belediye Ba\u015fkanl\u0131\u011f\u0131 Temizlik \u0130\u015fleri Kastamonu Valili\u011fi \u0130l \u00d6zel \u0130daresi \u00c7ank\u0131r\u0131 Belediye Ba\u015fkanl\u0131\u011f\u0131 Kastamonu \u0130l&hellip;<\/p>\n","protected":false},"author":1,"featured_media":0,"parent":20,"menu_order":8,"comment_status":"closed","ping_status":"closed","template":"","meta":{"om_disable_all_campaigns":false,"_mi_skip_tracking":false,"_monsterinsights_sitenote_active":false,"_monsterinsights_sitenote_note":"","_monsterinsights_sitenote_category":0},"aioseo_notices":[],"_links":{"self":[{"href":"http:\/\/www.haruntelekom.com\/index.php?rest_route=\/wp\/v2\/pages\/54"}],"collection":[{"href":"http:\/\/www.haruntelekom.com\/index.php?rest_route=\/wp\/v2\/pages"}],"about":[{"href":"http:\/\/www.haruntelekom.com\/index.php?rest_route=\/wp\/v2\/types\/page"}],"author":[{"embeddable":true,"href":"http:\/\/www.haruntelekom.com\/index.php?rest_route=\/wp\/v2\/users\/1"}],"replies":[{"embeddable":true,"href":"http:\/\/www.haruntelekom.com\/index.php?rest_route=%2Fwp%2Fv2%2Fcomments&post=54"}],"version-history":[{"count":3,"href":"http:\/\/www.haruntelekom.com\/index.php?rest_route=\/wp\/v2\/pages\/54\/revisions"}],"predecessor-version":[{"id":110,"href":"http:\/\/www.haruntelekom.com\/index.php?rest_route=\/wp\/v2\/pages\/54\/revisions\/110"}],"up":[{"embeddable":true,"href":"http:\/\/www.haruntelekom.com\/index.php?rest_route=\/wp\/v2\/pages\/20"}],"wp:attachment":[{"href":"http:\/\/www.haruntelekom.com\/index.php?rest_route=%2Fwp%2Fv2%2Fmedia&parent=54"}],"curies":[{"name":"wp","href":"https:\/\/api.w.org\/{rel}","templated":true}]}}