{"id":56,"date":"2018-03-02T02:04:37","date_gmt":"2018-03-01T23:04:37","guid":{"rendered":"http:\/\/www.harunelektronik.com\/?page_id=56"},"modified":"2018-03-02T03:46:23","modified_gmt":"2018-03-02T00:46:23","slug":"dokunmatik-akilli-tahta-sistemleri","status":"publish","type":"page","link":"http:\/\/www.haruntelekom.com\/?page_id=56","title":{"rendered":"Dokunmatik Ak\u0131ll\u0131 Tahta Sistemleri"},"content":{"rendered":"<ul style=\"font-weight: 400;\">\n<li><span style=\"color: #ffffff;\">Kastamonu \u00dcniversitesi Orman Fak\u00fcltesi<\/span><\/li>\n<li><span style=\"color: #ffffff;\">Kastamonu \u0130nebolu H\u00fcseyin Avni \u0130lk \u00d6\u011fretim Okulu<\/span><\/li>\n<li><span style=\"color: #ffffff;\">Kastamonu Devrekani \u015eenlik Y.\u0130.O<\/span><\/li>\n<\/ul>\n<p>&nbsp;<\/p>\n<p>&nbsp;<\/p>\n<p>&nbsp;<\/p>\n<p>&nbsp;<\/p>\n<p>&nbsp;<\/p>\n<p>&nbsp;<\/p>\n<p>&nbsp;<\/p>\n<p>&nbsp;<\/p>\n<p>&nbsp;<\/p>\n<p>&nbsp;<\/p>\n<p>&nbsp;<\/p>\n<p>&nbsp;<\/p>\n<p>&nbsp;<\/p>\n","protected":false},"excerpt":{"rendered":"<p>Kastamonu \u00dcniversitesi Orman Fak\u00fcltesi Kastamonu \u0130nebolu H\u00fcseyin Avni \u0130lk \u00d6\u011fretim Okulu Kastamonu Devrekani \u015eenlik Y.\u0130.O &nbsp; &nbsp; &nbsp; &nbsp; &nbsp; &nbsp; &nbsp; &nbsp; &nbsp; &nbsp; &nbsp; &nbsp; &nbsp;<\/p>\n","protected":false},"author":1,"featured_media":0,"parent":20,"menu_order":9,"comment_status":"closed","ping_status":"closed","template":"","meta":{"om_disable_all_campaigns":false,"_mi_skip_tracking":false,"_monsterinsights_sitenote_active":false,"_monsterinsights_sitenote_note":"","_monsterinsights_sitenote_category":0},"aioseo_notices":[],"_links":{"self":[{"href":"http:\/\/www.haruntelekom.com\/index.php?rest_route=\/wp\/v2\/pages\/56"}],"collection":[{"href":"http:\/\/www.haruntelekom.com\/index.php?rest_route=\/wp\/v2\/pages"}],"about":[{"href":"http:\/\/www.haruntelekom.com\/index.php?rest_route=\/wp\/v2\/types\/page"}],"author":[{"embeddable":true,"href":"http:\/\/www.haruntelekom.com\/index.php?rest_route=\/wp\/v2\/users\/1"}],"replies":[{"embeddable":true,"href":"http:\/\/www.haruntelekom.com\/index.php?rest_route=%2Fwp%2Fv2%2Fcomments&post=56"}],"version-history":[{"count":4,"href":"http:\/\/www.haruntelekom.com\/index.php?rest_route=\/wp\/v2\/pages\/56\/revisions"}],"predecessor-version":[{"id":115,"href":"http:\/\/www.haruntelekom.com\/index.php?rest_route=\/wp\/v2\/pages\/56\/revisions\/115"}],"up":[{"embeddable":true,"href":"http:\/\/www.haruntelekom.com\/index.php?rest_route=\/wp\/v2\/pages\/20"}],"wp:attachment":[{"href":"http:\/\/www.haruntelekom.com\/index.php?rest_route=%2Fwp%2Fv2%2Fmedia&parent=56"}],"curies":[{"name":"wp","href":"https:\/\/api.w.org\/{rel}","templated":true}]}}