{"id":62,"date":"2018-03-02T02:06:52","date_gmt":"2018-03-01T23:06:52","guid":{"rendered":"http:\/\/www.harunelektronik.com\/?page_id=62"},"modified":"2018-03-02T03:43:22","modified_gmt":"2018-03-02T00:43:22","slug":"diger-hizmetlerimiz","status":"publish","type":"page","link":"http:\/\/www.haruntelekom.com\/?page_id=62","title":{"rendered":"Di\u011fer Hizmetlerimiz"},"content":{"rendered":"<ul style=\"font-weight: 400;\">\n<li><span style=\"color: #ffffff;\">Kastamonu Valili\u011fi \u0130l Sivil Savunma M\u00fcd\u00fcrl\u00fc\u011f\u00fc ( Uydu Telefonu Kurulum hiz. )<\/span><\/li>\n<li><span style=\"color: #ffffff;\">Kastamonu Valili\u011fi ( Uydu Telefonu Kurulum Hiz.)<\/span><\/li>\n<li><span style=\"color: #ffffff;\">Kastamonu Valili\u011fi Gen\u00e7lik ve Spor \u0130l M\u00fcd\u00fcrl\u00fc\u011f\u00fc (Skor board)<\/span><\/li>\n<li><span style=\"color: #ffffff;\">Zinta\u015f A.\u015e. Zincir Sanayi (Elektronik Sist. Bak\u0131m Onar\u0131m.Hiz.)<\/span><\/li>\n<li><span style=\"color: #ffffff;\">Kastamonu \u0130li Devrekani Kaymakaml\u0131\u011f\u0131 ( Gps Veri Haberle\u015fme Cihaz\u0131 )<\/span><\/li>\n<li><span style=\"color: #ffffff;\">Kastamonu \u0130li Seydiler Kaymakaml\u0131\u011f\u0131 ( Gps Veri Haberle\u015fme Cihaz\u0131 )<\/span><\/li>\n<li><span style=\"color: #ffffff;\">Kastamonu Orman B\u00f6lge M\u00fcd\u00fcrl\u00fc\u011f\u00fc ( R\u00fczgar G\u00fcl\u00fc enerji Sistemi Kurulumu )<\/span><\/li>\n<li><span style=\"color: #ffffff;\">T\u00fcrkiye G\u00fcre\u015f Federasyonu Ba\u015fkanl\u0131\u011f\u0131 (Skor Board Bak\u0131m Onar\u0131m\u0131 )<\/span><\/li>\n<li><span style=\"color: #ffffff;\">SFC Entegre Orman \u00dcr\u00fcnleri San.tic.A.\u015e.<\/span><\/li>\n<li><span style=\"color: #ffffff;\">Seher Y\u0131lmaz Mimarl\u0131k ve M\u00fch. Dek. ( Kesintisiz G\u00fc\u00e7 Kayna\u011f\u0131 )<\/span><\/li>\n<li><span style=\"color: #ffffff;\">Kastamonu M\u00fcnif \u0130slamo\u011flu Devlet Hastanesi ( Elektronik Kart Bak\u0131m Onar\u0131m)<\/span><\/li>\n<li><span style=\"color: #ffffff;\">Kastamonu \u0130l Sa\u011fl\u0131k M\u00fcd\u00fcrl\u00fc\u011f\u00fc ( UPS Bak\u0131m Onar\u0131m Hizmeti)<\/span><\/li>\n<li><span style=\"color: #ffffff;\">Kastamonu \u0130l Sa\u011fl\u0131k M\u00fcd\u00fcrl\u00fc\u011f\u00fc ( R\u00fczgar G\u00fcl\u00fc enerji Sistemi\u00a0 )<\/span><\/li>\n<li><span style=\"color: #ffffff;\">Kastamonu \u0130l Emniyet M\u00fcd\u00fcrl\u00fc\u011f\u00fc (Gps Veri Haberle\u015fme Cihaz\u0131)<\/span><\/li>\n<\/ul>\n","protected":false},"excerpt":{"rendered":"<p>Kastamonu Valili\u011fi \u0130l Sivil Savunma M\u00fcd\u00fcrl\u00fc\u011f\u00fc ( Uydu Telefonu Kurulum hiz. ) Kastamonu Valili\u011fi ( Uydu Telefonu Kurulum Hiz.) Kastamonu Valili\u011fi Gen\u00e7lik ve Spor \u0130l M\u00fcd\u00fcrl\u00fc\u011f\u00fc (Skor board) Zinta\u015f A.\u015e.&hellip;<\/p>\n","protected":false},"author":1,"featured_media":0,"parent":20,"menu_order":12,"comment_status":"closed","ping_status":"closed","template":"","meta":{"om_disable_all_campaigns":false,"_mi_skip_tracking":false,"_monsterinsights_sitenote_active":false,"_monsterinsights_sitenote_note":"","_monsterinsights_sitenote_category":0},"aioseo_notices":[],"_links":{"self":[{"href":"http:\/\/www.haruntelekom.com\/index.php?rest_route=\/wp\/v2\/pages\/62"}],"collection":[{"href":"http:\/\/www.haruntelekom.com\/index.php?rest_route=\/wp\/v2\/pages"}],"about":[{"href":"http:\/\/www.haruntelekom.com\/index.php?rest_route=\/wp\/v2\/types\/page"}],"author":[{"embeddable":true,"href":"http:\/\/www.haruntelekom.com\/index.php?rest_route=\/wp\/v2\/users\/1"}],"replies":[{"embeddable":true,"href":"http:\/\/www.haruntelekom.com\/index.php?rest_route=%2Fwp%2Fv2%2Fcomments&post=62"}],"version-history":[{"count":6,"href":"http:\/\/www.haruntelekom.com\/index.php?rest_route=\/wp\/v2\/pages\/62\/revisions"}],"predecessor-version":[{"id":112,"href":"http:\/\/www.haruntelekom.com\/index.php?rest_route=\/wp\/v2\/pages\/62\/revisions\/112"}],"up":[{"embeddable":true,"href":"http:\/\/www.haruntelekom.com\/index.php?rest_route=\/wp\/v2\/pages\/20"}],"wp:attachment":[{"href":"http:\/\/www.haruntelekom.com\/index.php?rest_route=%2Fwp%2Fv2%2Fmedia&parent=62"}],"curies":[{"name":"wp","href":"https:\/\/api.w.org\/{rel}","templated":true}]}}